{"id":30463,"date":"2025-12-17T14:13:08","date_gmt":"2025-12-17T13:13:08","guid":{"rendered":"https:\/\/fedoragames.ch\/cart\/"},"modified":"2025-12-17T14:13:08","modified_gmt":"2025-12-17T13:13:08","slug":"cart","status":"publish","type":"page","link":"https:\/\/fedoragames.ch\/en\/cart\/","title":{"rendered":"Cart"},"content":{"rendered":"\n<div data-block-name=\"woocommerce\/cart\" class=\"wp-block-woocommerce-cart alignwide is-loading\">\n<div data-block-name=\"woocommerce\/filled-cart-block\" class=\"wp-block-woocommerce-filled-cart-block\">\n<div data-block-name=\"woocommerce\/cart-items-block\" class=\"wp-block-woocommerce-cart-items-block\">\n<div data-block-name=\"woocommerce\/cart-line-items-block\" class=\"wp-block-woocommerce-cart-line-items-block\"><\/div>\n\n\n<\/div>\n\n\n\n\n<div data-block-name=\"woocommerce\/cart-totals-block\" class=\"wp-block-woocommerce-cart-totals-block\">\n<div data-block-name=\"woocommerce\/cart-order-summary-block\" class=\"wp-block-woocommerce-cart-order-summary-block\">\n<div data-block-name=\"woocommerce\/cart-order-summary-heading-block\" class=\"wp-block-woocommerce-cart-order-summary-heading-block\"><\/div><div data-block-name=\"woocommerce\/cart-order-summary-coupon-form-block\" class=\"wp-block-woocommerce-cart-order-summary-coupon-form-block\"><\/div><div data-block-name=\"woocommerce\/cart-order-summary-totals-block\" class=\"wp-block-woocommerce-cart-order-summary-totals-block\">\n<div data-block-name=\"woocommerce\/cart-order-summary-subtotal-block\" class=\"wp-block-woocommerce-cart-order-summary-subtotal-block\"><\/div>\n<div data-block-name=\"woocommerce\/cart-order-summary-discount-block\" class=\"wp-block-woocommerce-cart-order-summary-discount-block\"><\/div>\n<div data-block-name=\"woocommerce\/cart-order-summary-fee-block\" class=\"wp-block-woocommerce-cart-order-summary-fee-block\"><\/div>\n<div data-block-name=\"woocommerce\/cart-order-summary-shipping-block\" class=\"wp-block-woocommerce-cart-order-summary-shipping-block\"><\/div>\n<div data-block-name=\"woocommerce\/cart-order-summary-taxes-block\" class=\"wp-block-woocommerce-cart-order-summary-taxes-block\"><\/div><\/div>\n<\/div>\n\n\n\n<div data-block-name=\"woocommerce\/cart-express-payment-block\" class=\"wp-block-woocommerce-cart-express-payment-block\"><\/div>\n\n\n\n<div data-block-name=\"woocommerce\/proceed-to-checkout-block\" class=\"wp-block-woocommerce-proceed-to-checkout-block\"><\/div>\n\n\n\n<div data-block-name=\"woocommerce\/cart-accepted-payment-methods-block\" class=\"wp-block-woocommerce-cart-accepted-payment-methods-block\"><\/div>\n<\/div>\n<\/div>\n\n\n\n<div data-block-name=\"woocommerce\/empty-cart-block\" class=\"wp-block-woocommerce-empty-cart-block\">\n<h2 class=\"wp-block-heading has-text-align-center with-empty-cart-icon wc-block-cart__empty-cart__title\">Your cart is currently empty!<\/h2>\n\n\n\n<hr class=\"wp-block-separator has-alpha-channel-opacity is-style-dots\"\/>\n\n\n\n<h2 class=\"wp-block-heading has-text-align-center\">New in store<\/h2>\n\n\n<div data-block-name=\"woocommerce\/product-new\" data-columns=\"4\" data-rows=\"1\" class=\"wc-block-grid wp-block-product-new wp-block-woocommerce-product-new wc-block-product-new has-4-columns\"><ul class=\"wc-block-grid__products\"><li class=\"wc-block-grid__product\">\n\t\t\t\t<a href=\"https:\/\/fedoragames.ch\/en\/produit\/action-deluxe-edition-limited\/\" class=\"wc-block-grid__product-link\">\n\t\t\t\t\t\n\t\t\t\t\t<div class=\"wc-block-grid__product-image\"><img loading=\"lazy\" decoding=\"async\" width=\"300\" height=\"300\" src=\"https:\/\/fedoragames.ch\/wp-content\/uploads\/2025\/03\/Plan-de-travail-1-300x300.jpg\" class=\"attachment-woocommerce_thumbnail size-woocommerce_thumbnail\" alt=\"Action! - Deluxe Edition (Limited)\" srcset=\"https:\/\/fedoragames.ch\/wp-content\/uploads\/2025\/03\/Plan-de-travail-1-300x300.jpg 300w, https:\/\/fedoragames.ch\/wp-content\/uploads\/2025\/03\/Plan-de-travail-1-150x150.jpg 150w, https:\/\/fedoragames.ch\/wp-content\/uploads\/2025\/03\/Plan-de-travail-1-140x140.jpg 140w, https:\/\/fedoragames.ch\/wp-content\/uploads\/2025\/03\/Plan-de-travail-1-100x100.jpg 100w, https:\/\/fedoragames.ch\/wp-content\/uploads\/2025\/03\/Plan-de-travail-1-500x500.jpg 500w, https:\/\/fedoragames.ch\/wp-content\/uploads\/2025\/03\/Plan-de-travail-1-350x350.jpg 350w, https:\/\/fedoragames.ch\/wp-content\/uploads\/2025\/03\/Plan-de-travail-1-600x600.jpg 600w, https:\/\/fedoragames.ch\/wp-content\/uploads\/2025\/03\/Plan-de-travail-1.jpg 727w\" sizes=\"auto, (max-width: 300px) 100vw, 300px\" \/><\/div>\n\t\t\t\t\t<div class=\"wc-block-grid__product-title\">Action! &#8211; Deluxe Edition (Limited)<\/div>\n\t\t\t\t<\/a>\n\t\t\t\t<div class=\"wc-block-grid__product-price price\"><span class=\"woocommerce-Price-amount amount\"><span class=\"woocommerce-Price-currencySymbol\">&#067;&#072;&#070;<\/span>&nbsp;45.00<\/span><\/div>\n\t\t\t\t\n\t\t\t\t<div class=\"wp-block-button wc-block-grid__product-add-to-cart\"><a href=\"https:\/\/fedoragames.ch\/en\/produit\/action-deluxe-edition-limited\/\" aria-label=\"Read more about &ldquo;Action! - Deluxe Edition (Limited)&rdquo;\" data-quantity=\"1\" data-product_id=\"30837\" data-product_sku=\"\" data-price=\"45\" rel=\"nofollow\" class=\"wp-block-button__link  add_to_cart_button\">Read more<\/a><\/div>\n\t\t\t<\/li><li class=\"wc-block-grid__product\">\n\t\t\t\t<a href=\"https:\/\/fedoragames.ch\/en\/produit\/yoho-game-mat\/\" class=\"wc-block-grid__product-link\">\n\t\t\t\t\t\n\t\t\t\t\t<div class=\"wc-block-grid__product-image\"><img loading=\"lazy\" decoding=\"async\" width=\"300\" height=\"300\" src=\"https:\/\/fedoragames.ch\/wp-content\/uploads\/2025\/01\/Tapis_plein-300x300.jpg\" class=\"attachment-woocommerce_thumbnail size-woocommerce_thumbnail\" alt=\"Yoho - Game Mat\" srcset=\"https:\/\/fedoragames.ch\/wp-content\/uploads\/2025\/01\/Tapis_plein-300x300.jpg 300w, https:\/\/fedoragames.ch\/wp-content\/uploads\/2025\/01\/Tapis_plein-150x150.jpg 150w, https:\/\/fedoragames.ch\/wp-content\/uploads\/2025\/01\/Tapis_plein-140x140.jpg 140w, https:\/\/fedoragames.ch\/wp-content\/uploads\/2025\/01\/Tapis_plein-100x100.jpg 100w, https:\/\/fedoragames.ch\/wp-content\/uploads\/2025\/01\/Tapis_plein-500x500.jpg 500w, https:\/\/fedoragames.ch\/wp-content\/uploads\/2025\/01\/Tapis_plein-350x350.jpg 350w, https:\/\/fedoragames.ch\/wp-content\/uploads\/2025\/01\/Tapis_plein-600x600.jpg 600w, https:\/\/fedoragames.ch\/wp-content\/uploads\/2025\/01\/Tapis_plein.jpg 727w\" sizes=\"auto, (max-width: 300px) 100vw, 300px\" \/><\/div>\n\t\t\t\t\t<div class=\"wc-block-grid__product-title\">Yoho &#8211; Game Mat<\/div>\n\t\t\t\t<\/a>\n\t\t\t\t<div class=\"wc-block-grid__product-price price\"><span class=\"woocommerce-Price-amount amount\"><span class=\"woocommerce-Price-currencySymbol\">&#067;&#072;&#070;<\/span>&nbsp;22.00<\/span><\/div>\n\t\t\t\t\n\t\t\t\t<div class=\"wp-block-button wc-block-grid__product-add-to-cart\"><a href=\"https:\/\/fedoragames.ch\/en\/produit\/yoho-game-mat\/\" aria-label=\"Read more about &ldquo;Yoho - Game Mat&rdquo;\" data-quantity=\"1\" data-product_id=\"30494\" data-product_sku=\"\" data-price=\"22\" rel=\"nofollow\" class=\"wp-block-button__link  add_to_cart_button\">Read more<\/a><\/div>\n\t\t\t<\/li><li class=\"wc-block-grid__product\">\n\t\t\t\t<a href=\"https:\/\/fedoragames.ch\/en\/produit\/yoho-classic-edition-limited-and-numbered\/\" class=\"wc-block-grid__product-link\">\n\t\t\t\t\t\n\t\t\t\t\t<div class=\"wc-block-grid__product-image\"><img loading=\"lazy\" decoding=\"async\" width=\"300\" height=\"300\" src=\"https:\/\/fedoragames.ch\/wp-content\/uploads\/2025\/01\/Yoho_PV_Materiel_Classique_V2-300x300.jpg\" class=\"attachment-woocommerce_thumbnail size-woocommerce_thumbnail\" alt=\"Yoho \u2013 Classic Edition (Limited and Numbered)\" srcset=\"https:\/\/fedoragames.ch\/wp-content\/uploads\/2025\/01\/Yoho_PV_Materiel_Classique_V2-300x300.jpg 300w, https:\/\/fedoragames.ch\/wp-content\/uploads\/2025\/01\/Yoho_PV_Materiel_Classique_V2-150x150.jpg 150w, https:\/\/fedoragames.ch\/wp-content\/uploads\/2025\/01\/Yoho_PV_Materiel_Classique_V2-140x140.jpg 140w, https:\/\/fedoragames.ch\/wp-content\/uploads\/2025\/01\/Yoho_PV_Materiel_Classique_V2-100x100.jpg 100w, https:\/\/fedoragames.ch\/wp-content\/uploads\/2025\/01\/Yoho_PV_Materiel_Classique_V2-500x500.jpg 500w, https:\/\/fedoragames.ch\/wp-content\/uploads\/2025\/01\/Yoho_PV_Materiel_Classique_V2-350x350.jpg 350w, https:\/\/fedoragames.ch\/wp-content\/uploads\/2025\/01\/Yoho_PV_Materiel_Classique_V2-600x600.jpg 600w, https:\/\/fedoragames.ch\/wp-content\/uploads\/2025\/01\/Yoho_PV_Materiel_Classique_V2.jpg 727w\" sizes=\"auto, (max-width: 300px) 100vw, 300px\" \/><\/div>\n\t\t\t\t\t<div class=\"wc-block-grid__product-title\">Yoho \u2013 Classic Edition (Limited and Numbered)<\/div>\n\t\t\t\t<\/a>\n\t\t\t\t<div class=\"wc-block-grid__product-price price\"><span class=\"woocommerce-Price-amount amount\"><span class=\"woocommerce-Price-currencySymbol\">&#067;&#072;&#070;<\/span>&nbsp;25.00<\/span><\/div>\n\t\t\t\t\n\t\t\t\t<div class=\"wp-block-button wc-block-grid__product-add-to-cart\"><a href=\"https:\/\/fedoragames.ch\/en\/produit\/yoho-classic-edition-limited-and-numbered\/\" aria-label=\"Read more about &ldquo;Yoho \u2013 Classic Edition (Limited and Numbered)&rdquo;\" data-quantity=\"1\" data-product_id=\"30501\" data-product_sku=\"\" data-price=\"25\" rel=\"nofollow\" class=\"wp-block-button__link  add_to_cart_button\">Read more<\/a><\/div>\n\t\t\t<\/li><li class=\"wc-block-grid__product\">\n\t\t\t\t<a href=\"https:\/\/fedoragames.ch\/en\/produit\/yoho-deluxe-edition-limited-and-numbered\/\" class=\"wc-block-grid__product-link\">\n\t\t\t\t\t\n\t\t\t\t\t<div class=\"wc-block-grid__product-image\"><img loading=\"lazy\" decoding=\"async\" width=\"300\" height=\"300\" src=\"https:\/\/fedoragames.ch\/wp-content\/uploads\/2025\/01\/Yoho_PV_Materiel-300x300.jpg\" class=\"attachment-woocommerce_thumbnail size-woocommerce_thumbnail\" alt=\"Yoho - Deluxe Edition (limited and numbered)\" srcset=\"https:\/\/fedoragames.ch\/wp-content\/uploads\/2025\/01\/Yoho_PV_Materiel-300x300.jpg 300w, https:\/\/fedoragames.ch\/wp-content\/uploads\/2025\/01\/Yoho_PV_Materiel-150x150.jpg 150w, https:\/\/fedoragames.ch\/wp-content\/uploads\/2025\/01\/Yoho_PV_Materiel-140x140.jpg 140w, https:\/\/fedoragames.ch\/wp-content\/uploads\/2025\/01\/Yoho_PV_Materiel-100x100.jpg 100w, https:\/\/fedoragames.ch\/wp-content\/uploads\/2025\/01\/Yoho_PV_Materiel-500x500.jpg 500w, https:\/\/fedoragames.ch\/wp-content\/uploads\/2025\/01\/Yoho_PV_Materiel-350x350.jpg 350w, https:\/\/fedoragames.ch\/wp-content\/uploads\/2025\/01\/Yoho_PV_Materiel-600x600.jpg 600w, https:\/\/fedoragames.ch\/wp-content\/uploads\/2025\/01\/Yoho_PV_Materiel.jpg 727w\" sizes=\"auto, (max-width: 300px) 100vw, 300px\" \/><\/div>\n\t\t\t\t\t<div class=\"wc-block-grid__product-title\">Yoho &#8211; Deluxe Edition (limited and numbered)<\/div>\n\t\t\t\t<\/a>\n\t\t\t\t<div class=\"wc-block-grid__product-price price\"><span class=\"woocommerce-Price-amount amount\"><span class=\"woocommerce-Price-currencySymbol\">&#067;&#072;&#070;<\/span>&nbsp;30.00<\/span><\/div>\n\t\t\t\t\n\t\t\t\t<div class=\"wp-block-button wc-block-grid__product-add-to-cart\"><a href=\"https:\/\/fedoragames.ch\/en\/produit\/yoho-deluxe-edition-limited-and-numbered\/\" aria-label=\"Read more about &ldquo;Yoho - Deluxe Edition (limited and numbered)&rdquo;\" data-quantity=\"1\" data-product_id=\"30468\" data-product_sku=\"\" data-price=\"30\" rel=\"nofollow\" class=\"wp-block-button__link  add_to_cart_button\">Read more<\/a><\/div>\n\t\t\t<\/li><\/ul><\/div><\/div>\n<\/div>\n","protected":false},"excerpt":{"rendered":"You may be interested in&hellip; Your cart is currently empty! New in store","protected":false},"author":1,"featured_media":0,"parent":0,"menu_order":0,"comment_status":"closed","ping_status":"closed","template":"","meta":{"footnotes":""},"class_list":["post-30463","page","type-page","status-publish"],"yoast_head":"<!-- This site is optimized with the Yoast SEO plugin v27.5 - https:\/\/yoast.com\/product\/yoast-seo-wordpress\/ -->\n<title>Cart - Fedora Games - Cr\u00e9ation &amp; \u00e9dition de jeux de soci\u00e9t\u00e9<\/title>\n<meta name=\"robots\" content=\"index, follow, max-snippet:-1, max-image-preview:large, max-video-preview:-1\" \/>\n<link rel=\"canonical\" href=\"https:\/\/fedoragames.ch\/en\/cart\/\" \/>\n<meta property=\"og:locale\" content=\"en_US\" \/>\n<meta property=\"og:type\" content=\"article\" \/>\n<meta property=\"og:title\" content=\"Cart - Fedora Games - Cr\u00e9ation &amp; \u00e9dition de jeux de soci\u00e9t\u00e9\" \/>\n<meta property=\"og:url\" content=\"https:\/\/fedoragames.ch\/en\/cart\/\" \/>\n<meta property=\"og:site_name\" content=\"Fedora Games - Cr\u00e9ation &amp; \u00e9dition de jeux de soci\u00e9t\u00e9\" \/>\n<meta property=\"article:publisher\" content=\"https:\/\/www.facebook.com\/profile.php?id=61558571690265\" \/>\n<meta name=\"twitter:card\" content=\"summary_large_image\" \/>\n<script type=\"application\/ld+json\" class=\"yoast-schema-graph\">{\"@context\":\"https:\\\/\\\/schema.org\",\"@graph\":[{\"@type\":\"WebPage\",\"@id\":\"https:\\\/\\\/fedoragames.ch\\\/en\\\/cart\\\/\",\"url\":\"https:\\\/\\\/fedoragames.ch\\\/en\\\/cart\\\/\",\"name\":\"Cart - Fedora Games - Cr\u00e9ation &amp; \u00e9dition de jeux de soci\u00e9t\u00e9\",\"isPartOf\":{\"@id\":\"https:\\\/\\\/fedoragames.ch\\\/en\\\/#website\"},\"datePublished\":\"2025-12-17T13:13:08+00:00\",\"breadcrumb\":{\"@id\":\"https:\\\/\\\/fedoragames.ch\\\/en\\\/cart\\\/#breadcrumb\"},\"inLanguage\":\"en-US\",\"potentialAction\":[{\"@type\":\"ReadAction\",\"target\":[\"https:\\\/\\\/fedoragames.ch\\\/en\\\/cart\\\/\"]}]},{\"@type\":\"BreadcrumbList\",\"@id\":\"https:\\\/\\\/fedoragames.ch\\\/en\\\/cart\\\/#breadcrumb\",\"itemListElement\":[{\"@type\":\"ListItem\",\"position\":1,\"name\":\"Accueil\",\"item\":\"https:\\\/\\\/fedoragames.ch\\\/en\\\/\"},{\"@type\":\"ListItem\",\"position\":2,\"name\":\"Cart\"}]},{\"@type\":\"WebSite\",\"@id\":\"https:\\\/\\\/fedoragames.ch\\\/en\\\/#website\",\"url\":\"https:\\\/\\\/fedoragames.ch\\\/en\\\/\",\"name\":\"Fedora Games\",\"description\":\"Inspire - Create - Connect\",\"publisher\":{\"@id\":\"https:\\\/\\\/fedoragames.ch\\\/en\\\/#organization\"},\"potentialAction\":[{\"@type\":\"SearchAction\",\"target\":{\"@type\":\"EntryPoint\",\"urlTemplate\":\"https:\\\/\\\/fedoragames.ch\\\/en\\\/?s={search_term_string}\"},\"query-input\":{\"@type\":\"PropertyValueSpecification\",\"valueRequired\":true,\"valueName\":\"search_term_string\"}}],\"inLanguage\":\"en-US\"},{\"@type\":\"Organization\",\"@id\":\"https:\\\/\\\/fedoragames.ch\\\/en\\\/#organization\",\"name\":\"Fedora Games\",\"url\":\"https:\\\/\\\/fedoragames.ch\\\/en\\\/\",\"logo\":{\"@type\":\"ImageObject\",\"inLanguage\":\"en-US\",\"@id\":\"https:\\\/\\\/fedoragames.ch\\\/en\\\/#\\\/schema\\\/logo\\\/image\\\/\",\"url\":\"https:\\\/\\\/fedoragames.ch\\\/wp-content\\\/uploads\\\/2024\\\/03\\\/Fichier-4@4x.png\",\"contentUrl\":\"https:\\\/\\\/fedoragames.ch\\\/wp-content\\\/uploads\\\/2024\\\/03\\\/Fichier-4@4x.png\",\"width\":764,\"height\":952,\"caption\":\"Fedora Games\"},\"image\":{\"@id\":\"https:\\\/\\\/fedoragames.ch\\\/en\\\/#\\\/schema\\\/logo\\\/image\\\/\"},\"sameAs\":[\"https:\\\/\\\/www.facebook.com\\\/profile.php?id=61558571690265\",\"https:\\\/\\\/www.instagram.com\\\/fedoragames\"]}]}<\/script>\n<!-- \/ Yoast SEO plugin. -->","yoast_head_json":{"title":"Cart - Fedora Games - Cr\u00e9ation &amp; \u00e9dition de jeux de soci\u00e9t\u00e9","robots":{"index":"index","follow":"follow","max-snippet":"max-snippet:-1","max-image-preview":"max-image-preview:large","max-video-preview":"max-video-preview:-1"},"canonical":"https:\/\/fedoragames.ch\/en\/cart\/","og_locale":"en_US","og_type":"article","og_title":"Cart - Fedora Games - Cr\u00e9ation &amp; \u00e9dition de jeux de soci\u00e9t\u00e9","og_url":"https:\/\/fedoragames.ch\/en\/cart\/","og_site_name":"Fedora Games - Cr\u00e9ation &amp; \u00e9dition de jeux de soci\u00e9t\u00e9","article_publisher":"https:\/\/www.facebook.com\/profile.php?id=61558571690265","twitter_card":"summary_large_image","schema":{"@context":"https:\/\/schema.org","@graph":[{"@type":"WebPage","@id":"https:\/\/fedoragames.ch\/en\/cart\/","url":"https:\/\/fedoragames.ch\/en\/cart\/","name":"Cart - Fedora Games - Cr\u00e9ation &amp; \u00e9dition de jeux de soci\u00e9t\u00e9","isPartOf":{"@id":"https:\/\/fedoragames.ch\/en\/#website"},"datePublished":"2025-12-17T13:13:08+00:00","breadcrumb":{"@id":"https:\/\/fedoragames.ch\/en\/cart\/#breadcrumb"},"inLanguage":"en-US","potentialAction":[{"@type":"ReadAction","target":["https:\/\/fedoragames.ch\/en\/cart\/"]}]},{"@type":"BreadcrumbList","@id":"https:\/\/fedoragames.ch\/en\/cart\/#breadcrumb","itemListElement":[{"@type":"ListItem","position":1,"name":"Accueil","item":"https:\/\/fedoragames.ch\/en\/"},{"@type":"ListItem","position":2,"name":"Cart"}]},{"@type":"WebSite","@id":"https:\/\/fedoragames.ch\/en\/#website","url":"https:\/\/fedoragames.ch\/en\/","name":"Fedora Games","description":"Inspire - Create - Connect","publisher":{"@id":"https:\/\/fedoragames.ch\/en\/#organization"},"potentialAction":[{"@type":"SearchAction","target":{"@type":"EntryPoint","urlTemplate":"https:\/\/fedoragames.ch\/en\/?s={search_term_string}"},"query-input":{"@type":"PropertyValueSpecification","valueRequired":true,"valueName":"search_term_string"}}],"inLanguage":"en-US"},{"@type":"Organization","@id":"https:\/\/fedoragames.ch\/en\/#organization","name":"Fedora Games","url":"https:\/\/fedoragames.ch\/en\/","logo":{"@type":"ImageObject","inLanguage":"en-US","@id":"https:\/\/fedoragames.ch\/en\/#\/schema\/logo\/image\/","url":"https:\/\/fedoragames.ch\/wp-content\/uploads\/2024\/03\/Fichier-4@4x.png","contentUrl":"https:\/\/fedoragames.ch\/wp-content\/uploads\/2024\/03\/Fichier-4@4x.png","width":764,"height":952,"caption":"Fedora Games"},"image":{"@id":"https:\/\/fedoragames.ch\/en\/#\/schema\/logo\/image\/"},"sameAs":["https:\/\/www.facebook.com\/profile.php?id=61558571690265","https:\/\/www.instagram.com\/fedoragames"]}]}},"_links":{"self":[{"href":"https:\/\/fedoragames.ch\/en\/wp-json\/wp\/v2\/pages\/30463","targetHints":{"allow":["GET"]}}],"collection":[{"href":"https:\/\/fedoragames.ch\/en\/wp-json\/wp\/v2\/pages"}],"about":[{"href":"https:\/\/fedoragames.ch\/en\/wp-json\/wp\/v2\/types\/page"}],"author":[{"embeddable":true,"href":"https:\/\/fedoragames.ch\/en\/wp-json\/wp\/v2\/users\/1"}],"replies":[{"embeddable":true,"href":"https:\/\/fedoragames.ch\/en\/wp-json\/wp\/v2\/comments?post=30463"}],"version-history":[{"count":0,"href":"https:\/\/fedoragames.ch\/en\/wp-json\/wp\/v2\/pages\/30463\/revisions"}],"wp:attachment":[{"href":"https:\/\/fedoragames.ch\/en\/wp-json\/wp\/v2\/media?parent=30463"}],"curies":[{"name":"wp","href":"https:\/\/api.w.org\/{rel}","templated":true}]}}