{"id":30593,"date":"2025-12-17T14:31:42","date_gmt":"2025-12-17T13:31:42","guid":{"rendered":"https:\/\/fedoragames.ch\/yoho-download-rules\/"},"modified":"2025-12-17T14:31:46","modified_gmt":"2025-12-17T13:31:46","slug":"yoho-download-rules","status":"publish","type":"page","link":"https:\/\/fedoragames.ch\/en\/yoho-download-rules\/","title":{"rendered":"Yoho! Download Rules"},"content":{"rendered":"[vc_row type=&#8221;full_width_background&#8221; full_screen_row_position=&#8221;middle&#8221; column_margin=&#8221;default&#8221; column_direction=&#8221;default&#8221; column_direction_tablet=&#8221;default&#8221; column_direction_phone=&#8221;default&#8221; bg_color=&#8221;#f4efe5&#8243; full_height=&#8221;yes&#8221; scene_position=&#8221;center&#8221; text_color=&#8221;dark&#8221; text_align=&#8221;center&#8221; row_border_radius=&#8221;none&#8221; row_border_radius_applies=&#8221;bg&#8221; overflow=&#8221;visible&#8221; overlay_strength=&#8221;0.3&#8243; gradient_direction=&#8221;left_to_right&#8221; shape_divider_position=&#8221;bottom&#8221; bg_image_animation=&#8221;none&#8221; gradient_type=&#8221;default&#8221; shape_type=&#8221;&#8221;][vc_column column_padding=&#8221;no-extra-padding&#8221; column_padding_tablet=&#8221;inherit&#8221; column_padding_phone=&#8221;inherit&#8221; column_padding_position=&#8221;all&#8221; column_element_direction_desktop=&#8221;default&#8221; column_element_spacing=&#8221;default&#8221; desktop_text_alignment=&#8221;default&#8221; tablet_text_alignment=&#8221;default&#8221; phone_text_alignment=&#8221;default&#8221; background_color_opacity=&#8221;1&#8243; background_hover_color_opacity=&#8221;1&#8243; column_backdrop_filter=&#8221;none&#8221; column_shadow=&#8221;none&#8221; column_border_radius=&#8221;none&#8221; column_link_target=&#8221;_self&#8221; column_position=&#8221;default&#8221; gradient_direction=&#8221;left_to_right&#8221; overlay_strength=&#8221;0.3&#8243; width=&#8221;1\/1&#8243; tablet_width_inherit=&#8221;default&#8221; animation_type=&#8221;default&#8221; bg_image_animation=&#8221;none&#8221; border_type=&#8221;simple&#8221; column_border_width=&#8221;none&#8221; column_border_style=&#8221;solid&#8221;][vc_row_inner column_margin=&#8221;default&#8221; column_direction=&#8221;default&#8221; column_direction_tablet=&#8221;default&#8221; column_direction_phone=&#8221;default&#8221; text_align=&#8221;left&#8221; row_position=&#8221;default&#8221; row_position_tablet=&#8221;inherit&#8221; row_position_phone=&#8221;inherit&#8221; overflow=&#8221;visible&#8221; pointer_events=&#8221;all&#8221;][vc_column_inner column_padding=&#8221;no-extra-padding&#8221; column_padding_tablet=&#8221;inherit&#8221; column_padding_phone=&#8221;inherit&#8221; column_padding_position=&#8221;all&#8221; column_element_direction_desktop=&#8221;default&#8221; column_element_spacing=&#8221;default&#8221; desktop_text_alignment=&#8221;default&#8221; tablet_text_alignment=&#8221;default&#8221; phone_text_alignment=&#8221;default&#8221; background_color_opacity=&#8221;1&#8243; background_hover_color_opacity=&#8221;1&#8243; column_backdrop_filter=&#8221;none&#8221; column_shadow=&#8221;none&#8221; column_border_radius=&#8221;none&#8221; column_link_target=&#8221;_self&#8221; overflow=&#8221;visible&#8221; gradient_direction=&#8221;left_to_right&#8221; overlay_strength=&#8221;0.3&#8243; width=&#8221;1\/1&#8243; tablet_width_inherit=&#8221;default&#8221; animation_type=&#8221;default&#8221; bg_image_animation=&#8221;none&#8221; border_type=&#8221;simple&#8221; column_border_width=&#8221;none&#8221; column_border_style=&#8221;solid&#8221;][nectar_btn size=&#8221;extra_jumbo&#8221; button_style=&#8221;see-through-2&#8243; color_override=&#8221;#5e6c5b&#8221; hover_text_color_override=&#8221;#ffffff&#8221; icon_family=&#8221;iconsmind&#8221; text=&#8221;Download the game rules&#8221; icon_iconsmind=&#8221;iconsmind-File-Download&#8221; margin_top=&#8221;10%&#8221; margin_bottom=&#8221;10%&#8221; url=&#8221;https:\/\/fedoragames.ch\/wp-content\/uploads\/2025\/01\/Yoho_Regles_FR_2025.pdf&#8221;][\/vc_column_inner][\/vc_row_inner][vc_row_inner column_margin=&#8221;default&#8221; column_direction=&#8221;default&#8221; column_direction_tablet=&#8221;default&#8221; column_direction_phone=&#8221;default&#8221; text_align=&#8221;left&#8221; row_position=&#8221;default&#8221; row_position_tablet=&#8221;inherit&#8221; row_position_phone=&#8221;inherit&#8221; overflow=&#8221;visible&#8221; pointer_events=&#8221;all&#8221;][vc_column_inner column_padding=&#8221;no-extra-padding&#8221; column_padding_tablet=&#8221;inherit&#8221; column_padding_phone=&#8221;inherit&#8221; column_padding_position=&#8221;all&#8221; column_element_direction_desktop=&#8221;default&#8221; column_element_spacing=&#8221;default&#8221; desktop_text_alignment=&#8221;default&#8221; tablet_text_alignment=&#8221;default&#8221; phone_text_alignment=&#8221;default&#8221; background_color_opacity=&#8221;1&#8243; background_hover_color_opacity=&#8221;1&#8243; column_backdrop_filter=&#8221;none&#8221; column_shadow=&#8221;none&#8221; column_border_radius=&#8221;none&#8221; column_link_target=&#8221;_self&#8221; overflow=&#8221;visible&#8221; gradient_direction=&#8221;left_to_right&#8221; overlay_strength=&#8221;0.3&#8243; width=&#8221;1\/1&#8243; tablet_width_inherit=&#8221;default&#8221; animation_type=&#8221;default&#8221; bg_image_animation=&#8221;none&#8221; border_type=&#8221;simple&#8221; column_border_width=&#8221;none&#8221; column_border_style=&#8221;solid&#8221;][nectar_btn size=&#8221;extra_jumbo&#8221; button_style=&#8221;see-through-2&#8243; color_override=&#8221;#5e6c5b&#8221; hover_text_color_override=&#8221;#ffffff&#8221; icon_family=&#8221;iconsmind&#8221; text=&#8221;Download the game rules&#8221; icon_iconsmind=&#8221;iconsmind-File-Download&#8221; margin_top=&#8221;10%&#8221; margin_bottom=&#8221;10%&#8221; url=&#8221;https:\/\/fedoragames.ch\/wp-content\/uploads\/2025\/01\/Yoho_Rules_ENG_2025.pdf&#8221;][\/vc_column_inner][\/vc_row_inner][\/vc_column][\/vc_row]\n","protected":false},"excerpt":{"rendered":"<p>[vc_row type=&#8221;full_width_background&#8221; full_screen_row_position=&#8221;middle&#8221; column_margin=&#8221;default&#8221; column_direction=&#8221;default&#8221; column_direction_tablet=&#8221;default&#8221; column_direction_phone=&#8221;default&#8221; bg_color=&#8221;#f4efe5&#8243; full_height=&#8221;yes&#8221; scene_position=&#8221;center&#8221; text_color=&#8221;dark&#8221; text_align=&#8221;center&#8221; row_border_radius=&#8221;none&#8221; row_border_radius_applies=&#8221;bg&#8221; overflow=&#8221;visible&#8221; overlay_strength=&#8221;0.3&#8243; gradient_direction=&#8221;left_to_right&#8221; shape_divider_position=&#8221;bottom&#8221; bg_image_animation=&#8221;none&#8221; gradient_type=&#8221;default&#8221; shape_type=&#8221;&#8221;][vc_column column_padding=&#8221;no-extra-padding&#8221; column_padding_tablet=&#8221;inherit&#8221; column_padding_phone=&#8221;inherit&#8221; column_padding_position=&#8221;all&#8221; column_element_direction_desktop=&#8221;default&#8221; column_element_spacing=&#8221;default&#8221; desktop_text_alignment=&#8221;default&#8221; tablet_text_alignment=&#8221;default&#8221; phone_text_alignment=&#8221;default&#8221;&#8230;<\/p>\n","protected":false},"author":1,"featured_media":0,"parent":0,"menu_order":0,"comment_status":"closed","ping_status":"closed","template":"","meta":{"footnotes":""},"class_list":["post-30593","page","type-page","status-publish"],"yoast_head":"<!-- This site is optimized with the Yoast SEO plugin v27.5 - https:\/\/yoast.com\/product\/yoast-seo-wordpress\/ -->\n<title>Yoho! Download Rules - Fedora Games - Cr\u00e9ation &amp; \u00e9dition de jeux de soci\u00e9t\u00e9<\/title>\n<meta name=\"description\" content=\"Download Yoho! game rules in French and English\" \/>\n<meta name=\"robots\" content=\"index, follow, max-snippet:-1, max-image-preview:large, max-video-preview:-1\" \/>\n<link rel=\"canonical\" href=\"https:\/\/fedoragames.ch\/en\/yoho-download-rules\/\" \/>\n<meta property=\"og:locale\" content=\"en_US\" \/>\n<meta property=\"og:type\" content=\"article\" \/>\n<meta property=\"og:title\" content=\"Yoho! Download Rules - Fedora Games - Cr\u00e9ation &amp; \u00e9dition de jeux de soci\u00e9t\u00e9\" \/>\n<meta property=\"og:description\" content=\"Download Yoho! game rules in French and English\" \/>\n<meta property=\"og:url\" content=\"https:\/\/fedoragames.ch\/en\/yoho-download-rules\/\" \/>\n<meta property=\"og:site_name\" content=\"Fedora Games - Cr\u00e9ation &amp; \u00e9dition de jeux de soci\u00e9t\u00e9\" \/>\n<meta property=\"article:publisher\" content=\"https:\/\/www.facebook.com\/profile.php?id=61558571690265\" \/>\n<meta property=\"article:modified_time\" content=\"2025-12-17T13:31:46+00:00\" \/>\n<meta name=\"twitter:card\" content=\"summary_large_image\" \/>\n<meta name=\"twitter:label1\" content=\"Est. reading time\" \/>\n\t<meta name=\"twitter:data1\" content=\"3 minutes\" \/>\n<script type=\"application\/ld+json\" class=\"yoast-schema-graph\">{\"@context\":\"https:\\\/\\\/schema.org\",\"@graph\":[{\"@type\":\"WebPage\",\"@id\":\"https:\\\/\\\/fedoragames.ch\\\/en\\\/yoho-download-rules\\\/\",\"url\":\"https:\\\/\\\/fedoragames.ch\\\/en\\\/yoho-download-rules\\\/\",\"name\":\"Yoho! Download Rules - Fedora Games - Cr\u00e9ation &amp; \u00e9dition de jeux de soci\u00e9t\u00e9\",\"isPartOf\":{\"@id\":\"https:\\\/\\\/fedoragames.ch\\\/en\\\/#website\"},\"datePublished\":\"2025-12-17T13:31:42+00:00\",\"dateModified\":\"2025-12-17T13:31:46+00:00\",\"description\":\"Download Yoho! game rules in French and English\",\"breadcrumb\":{\"@id\":\"https:\\\/\\\/fedoragames.ch\\\/en\\\/yoho-download-rules\\\/#breadcrumb\"},\"inLanguage\":\"en-US\",\"potentialAction\":[{\"@type\":\"ReadAction\",\"target\":[\"https:\\\/\\\/fedoragames.ch\\\/en\\\/yoho-download-rules\\\/\"]}]},{\"@type\":\"BreadcrumbList\",\"@id\":\"https:\\\/\\\/fedoragames.ch\\\/en\\\/yoho-download-rules\\\/#breadcrumb\",\"itemListElement\":[{\"@type\":\"ListItem\",\"position\":1,\"name\":\"Accueil\",\"item\":\"https:\\\/\\\/fedoragames.ch\\\/en\\\/\"},{\"@type\":\"ListItem\",\"position\":2,\"name\":\"Yoho! Download Rules\"}]},{\"@type\":\"WebSite\",\"@id\":\"https:\\\/\\\/fedoragames.ch\\\/en\\\/#website\",\"url\":\"https:\\\/\\\/fedoragames.ch\\\/en\\\/\",\"name\":\"Fedora Games\",\"description\":\"Inspire - Create - Connect\",\"publisher\":{\"@id\":\"https:\\\/\\\/fedoragames.ch\\\/en\\\/#organization\"},\"potentialAction\":[{\"@type\":\"SearchAction\",\"target\":{\"@type\":\"EntryPoint\",\"urlTemplate\":\"https:\\\/\\\/fedoragames.ch\\\/en\\\/?s={search_term_string}\"},\"query-input\":{\"@type\":\"PropertyValueSpecification\",\"valueRequired\":true,\"valueName\":\"search_term_string\"}}],\"inLanguage\":\"en-US\"},{\"@type\":\"Organization\",\"@id\":\"https:\\\/\\\/fedoragames.ch\\\/en\\\/#organization\",\"name\":\"Fedora Games\",\"url\":\"https:\\\/\\\/fedoragames.ch\\\/en\\\/\",\"logo\":{\"@type\":\"ImageObject\",\"inLanguage\":\"en-US\",\"@id\":\"https:\\\/\\\/fedoragames.ch\\\/en\\\/#\\\/schema\\\/logo\\\/image\\\/\",\"url\":\"https:\\\/\\\/fedoragames.ch\\\/wp-content\\\/uploads\\\/2024\\\/03\\\/Fichier-4@4x.png\",\"contentUrl\":\"https:\\\/\\\/fedoragames.ch\\\/wp-content\\\/uploads\\\/2024\\\/03\\\/Fichier-4@4x.png\",\"width\":764,\"height\":952,\"caption\":\"Fedora Games\"},\"image\":{\"@id\":\"https:\\\/\\\/fedoragames.ch\\\/en\\\/#\\\/schema\\\/logo\\\/image\\\/\"},\"sameAs\":[\"https:\\\/\\\/www.facebook.com\\\/profile.php?id=61558571690265\",\"https:\\\/\\\/www.instagram.com\\\/fedoragames\"]}]}<\/script>\n<!-- \/ Yoast SEO plugin. -->","yoast_head_json":{"title":"Yoho! Download Rules - Fedora Games - Cr\u00e9ation &amp; \u00e9dition de jeux de soci\u00e9t\u00e9","description":"Download Yoho! game rules in French and English","robots":{"index":"index","follow":"follow","max-snippet":"max-snippet:-1","max-image-preview":"max-image-preview:large","max-video-preview":"max-video-preview:-1"},"canonical":"https:\/\/fedoragames.ch\/en\/yoho-download-rules\/","og_locale":"en_US","og_type":"article","og_title":"Yoho! Download Rules - Fedora Games - Cr\u00e9ation &amp; \u00e9dition de jeux de soci\u00e9t\u00e9","og_description":"Download Yoho! game rules in French and English","og_url":"https:\/\/fedoragames.ch\/en\/yoho-download-rules\/","og_site_name":"Fedora Games - Cr\u00e9ation &amp; \u00e9dition de jeux de soci\u00e9t\u00e9","article_publisher":"https:\/\/www.facebook.com\/profile.php?id=61558571690265","article_modified_time":"2025-12-17T13:31:46+00:00","twitter_card":"summary_large_image","twitter_misc":{"Est. reading time":"3 minutes"},"schema":{"@context":"https:\/\/schema.org","@graph":[{"@type":"WebPage","@id":"https:\/\/fedoragames.ch\/en\/yoho-download-rules\/","url":"https:\/\/fedoragames.ch\/en\/yoho-download-rules\/","name":"Yoho! Download Rules - Fedora Games - Cr\u00e9ation &amp; \u00e9dition de jeux de soci\u00e9t\u00e9","isPartOf":{"@id":"https:\/\/fedoragames.ch\/en\/#website"},"datePublished":"2025-12-17T13:31:42+00:00","dateModified":"2025-12-17T13:31:46+00:00","description":"Download Yoho! game rules in French and English","breadcrumb":{"@id":"https:\/\/fedoragames.ch\/en\/yoho-download-rules\/#breadcrumb"},"inLanguage":"en-US","potentialAction":[{"@type":"ReadAction","target":["https:\/\/fedoragames.ch\/en\/yoho-download-rules\/"]}]},{"@type":"BreadcrumbList","@id":"https:\/\/fedoragames.ch\/en\/yoho-download-rules\/#breadcrumb","itemListElement":[{"@type":"ListItem","position":1,"name":"Accueil","item":"https:\/\/fedoragames.ch\/en\/"},{"@type":"ListItem","position":2,"name":"Yoho! Download Rules"}]},{"@type":"WebSite","@id":"https:\/\/fedoragames.ch\/en\/#website","url":"https:\/\/fedoragames.ch\/en\/","name":"Fedora Games","description":"Inspire - Create - Connect","publisher":{"@id":"https:\/\/fedoragames.ch\/en\/#organization"},"potentialAction":[{"@type":"SearchAction","target":{"@type":"EntryPoint","urlTemplate":"https:\/\/fedoragames.ch\/en\/?s={search_term_string}"},"query-input":{"@type":"PropertyValueSpecification","valueRequired":true,"valueName":"search_term_string"}}],"inLanguage":"en-US"},{"@type":"Organization","@id":"https:\/\/fedoragames.ch\/en\/#organization","name":"Fedora Games","url":"https:\/\/fedoragames.ch\/en\/","logo":{"@type":"ImageObject","inLanguage":"en-US","@id":"https:\/\/fedoragames.ch\/en\/#\/schema\/logo\/image\/","url":"https:\/\/fedoragames.ch\/wp-content\/uploads\/2024\/03\/Fichier-4@4x.png","contentUrl":"https:\/\/fedoragames.ch\/wp-content\/uploads\/2024\/03\/Fichier-4@4x.png","width":764,"height":952,"caption":"Fedora Games"},"image":{"@id":"https:\/\/fedoragames.ch\/en\/#\/schema\/logo\/image\/"},"sameAs":["https:\/\/www.facebook.com\/profile.php?id=61558571690265","https:\/\/www.instagram.com\/fedoragames"]}]}},"_links":{"self":[{"href":"https:\/\/fedoragames.ch\/en\/wp-json\/wp\/v2\/pages\/30593","targetHints":{"allow":["GET"]}}],"collection":[{"href":"https:\/\/fedoragames.ch\/en\/wp-json\/wp\/v2\/pages"}],"about":[{"href":"https:\/\/fedoragames.ch\/en\/wp-json\/wp\/v2\/types\/page"}],"author":[{"embeddable":true,"href":"https:\/\/fedoragames.ch\/en\/wp-json\/wp\/v2\/users\/1"}],"replies":[{"embeddable":true,"href":"https:\/\/fedoragames.ch\/en\/wp-json\/wp\/v2\/comments?post=30593"}],"version-history":[{"count":1,"href":"https:\/\/fedoragames.ch\/en\/wp-json\/wp\/v2\/pages\/30593\/revisions"}],"predecessor-version":[{"id":30600,"href":"https:\/\/fedoragames.ch\/en\/wp-json\/wp\/v2\/pages\/30593\/revisions\/30600"}],"wp:attachment":[{"href":"https:\/\/fedoragames.ch\/en\/wp-json\/wp\/v2\/media?parent=30593"}],"curies":[{"name":"wp","href":"https:\/\/api.w.org\/{rel}","templated":true}]}}