{"id":30501,"date":"2024-11-14T11:57:43","date_gmt":"2024-11-14T10:57:43","guid":{"rendered":"https:\/\/fedoragames.ch\/produit\/yoho-classic-edition-limited-and-numbered\/"},"modified":"2025-12-17T14:31:29","modified_gmt":"2025-12-17T13:31:29","slug":"yoho-classic-edition-limited-and-numbered","status":"publish","type":"product","link":"https:\/\/fedoragames.ch\/en\/produit\/yoho-classic-edition-limited-and-numbered\/","title":{"rendered":"Yoho \u2013 Classic Edition (Limited and Numbered)"},"content":{"rendered":"<h2>What is Yoho?<\/h2>\n<p>Yoho is a strategic game for 2-4 players, ages 8 and up, lasting 20-30 minutes, where each player embodies a pirate on a treasure hunt in the Caribbean Sea.<\/p>\n<p>This game holds special significance for us, as it&#8217;s the first title we&#8217;re publishing with our game studio, Fedora Games. For our small independent publisher, this project marks a crucial step: the launch of our operations. After months of hard work, we can&#8217;t wait to see this project come to life!  <\/p>\n<p>Created by Jo\u00ebl Ferrari, a passionate board game designer since childhood, this game was designed to be both easy to explain yet deep and strategic enough to offer a real challenge for both casual and experienced players.<\/p>\n<h2>The uniqueness of Yoho!<\/h2>\n<p>Yoho is a thrilling game set in a pirate universe that plunges you into a quest for treasure and naval battles. Yoho&#8217;s originality lies in its modular game board, made up of double-sided cards, offering infinite variability to each game. <\/p>\n<p>Its design is both fun and colorful, with meticulous components including ship miniatures, detailed treasure coins, and wooden tokens to represent health and cannonballs. A cotton storage bag stamped with the game&#8217;s logo is also included for easy storage, and for those seeking even more immersion, an optional neoprene playmat with a treasure map design completes the experience. <\/p>\n<p>This first limited and numbered edition is an original and local project, conceived by a Vaudois author, that deserves to come to life to offer board game enthusiasts a new and captivating experience in the pirate world of the Caribbean Sea.<\/p>\n","protected":false},"excerpt":{"rendered":"<h3>Yoho is a strategic game for 2-4 players, ages 8 and up, lasting 20-30 minutes, where each player embodies a pirate on a treasure hunt in the Caribbean Sea.<\/h3>\n<p><em>The galleon of the famous Captain &#8220;Black Sam&#8221; has just been sunk on the high seas, and the remains of its cargo drift across the Caribbean waters. As a renowned pirate scouring this area, you won&#8217;t <\/em><em>want to miss such a windfall! Master the formidable sea currents, outwit your enemies&#8217; traps, and carve your way <\/em><em>to the coveted treasure!<\/em><\/p>\n<p>Created by Jo\u00ebl Ferrari, a passionate board game designer since childhood, this game was designed to be both easy to explain yet deep and strategic enough to offer a real challenge for both casual and experienced players.<\/p>\n<p>This Classic Edition (Limited and Numbered) includes:<\/p>\n<ul>\n<li>4 wooden pirate ships (replaces the detailed pirate ship miniatures from the deluxe version)<\/li>\n<li>8 wooden heart tokens<\/li>\n<li>8 wooden cannonball tokens<\/li>\n<li>8 detailed treasure coins<\/li>\n<li>1 cotton bag stamped with the Yoho logo<\/li>\n<\/ul>\n[button open_new_tab=\"true\" color=\"accent-color\" hover_text_color_override=\"#fff\" size=\"jumbo\" url=\"https:\/\/fedoragames.ch\/yoho-telecharger-regles-downolad-rules\/\" text=\"Download the Rules\" color_override=\"\"]\n[button open_new_tab=\"true\" color=\"accent-color\" hover_text_color_override=\"#fff\" size=\"jumbo\" url=\"https:\/\/www.youtube.com\/watch?v=2bVHZCiTrZ8\" text=\"Game Overview\" color_override=\"\"]\n<p>&nbsp;<\/p>\n[video mp4=\"https:\/\/fedoragames.ch\/wp-content\/uploads\/2024\/08\/Yoho-Unboxing.mp4\" webm=\"\" ogv=\"\"]\n<p>&nbsp;<\/p>\n","protected":false},"featured_media":30136,"template":"","meta":[],"product_brand":[],"product_cat":[27],"product_tag":[],"class_list":{"0":"post-30501","1":"product","2":"type-product","3":"status-publish","4":"has-post-thumbnail","6":"product_cat-non-categorise","8":"first","9":"outofstock","10":"shipping-taxable","11":"purchasable","12":"product-type-simple"},"yoast_head":"<!-- This site is optimized with the Yoast SEO plugin v27.5 - https:\/\/yoast.com\/product\/yoast-seo-wordpress\/ -->\n<title>Yoho \u2013 Classic Edition (Limited and Numbered) - Fedora Games - Cr\u00e9ation &amp; \u00e9dition de jeux de soci\u00e9t\u00e9<\/title>\n<meta name=\"description\" content=\"Yoho is a strategic game for 2-4 players, ages 8 and up, lasting 20-30 minutes, where each player embodies a pirate on a treasure hunt.\" \/>\n<meta name=\"robots\" content=\"index, follow, max-snippet:-1, max-image-preview:large, max-video-preview:-1\" \/>\n<link rel=\"canonical\" href=\"https:\/\/fedoragames.ch\/en\/produit\/yoho-classic-edition-limited-and-numbered\/\" \/>\n<meta property=\"og:locale\" content=\"en_US\" \/>\n<meta property=\"og:type\" content=\"article\" \/>\n<meta property=\"og:title\" content=\"Yoho \u2013 Classic Edition (Limited and Numbered) - Fedora Games - Cr\u00e9ation &amp; \u00e9dition de jeux de soci\u00e9t\u00e9\" \/>\n<meta property=\"og:description\" content=\"Yoho is a strategic game for 2-4 players, ages 8 and up, lasting 20-30 minutes, where each player embodies a pirate on a treasure hunt.\" \/>\n<meta property=\"og:url\" content=\"https:\/\/fedoragames.ch\/en\/produit\/yoho-classic-edition-limited-and-numbered\/\" \/>\n<meta property=\"og:site_name\" content=\"Fedora Games - Cr\u00e9ation &amp; \u00e9dition de jeux de soci\u00e9t\u00e9\" \/>\n<meta property=\"article:publisher\" content=\"https:\/\/www.facebook.com\/profile.php?id=61558571690265\" \/>\n<meta property=\"article:modified_time\" content=\"2025-12-17T13:31:29+00:00\" \/>\n<meta property=\"og:image\" content=\"https:\/\/fedoragames.ch\/wp-content\/uploads\/2025\/01\/Yoho_PV_Materiel_Classique_V2.jpg\" \/>\n\t<meta property=\"og:image:width\" content=\"727\" \/>\n\t<meta property=\"og:image:height\" content=\"727\" \/>\n\t<meta property=\"og:image:type\" content=\"image\/jpeg\" \/>\n<meta name=\"twitter:card\" content=\"summary_large_image\" \/>\n<meta name=\"twitter:label1\" content=\"Est. reading time\" \/>\n\t<meta name=\"twitter:data1\" content=\"1 minute\" \/>\n<script type=\"application\/ld+json\" class=\"yoast-schema-graph\">{\"@context\":\"https:\\\/\\\/schema.org\",\"@graph\":[{\"@type\":\"WebPage\",\"@id\":\"https:\\\/\\\/fedoragames.ch\\\/en\\\/produit\\\/yoho-classic-edition-limited-and-numbered\\\/\",\"url\":\"https:\\\/\\\/fedoragames.ch\\\/en\\\/produit\\\/yoho-classic-edition-limited-and-numbered\\\/\",\"name\":\"Yoho \u2013 Classic Edition (Limited and Numbered) - Fedora Games - Cr\u00e9ation &amp; \u00e9dition de jeux de soci\u00e9t\u00e9\",\"isPartOf\":{\"@id\":\"https:\\\/\\\/fedoragames.ch\\\/en\\\/#website\"},\"primaryImageOfPage\":{\"@id\":\"https:\\\/\\\/fedoragames.ch\\\/en\\\/produit\\\/yoho-classic-edition-limited-and-numbered\\\/#primaryimage\"},\"image\":{\"@id\":\"https:\\\/\\\/fedoragames.ch\\\/en\\\/produit\\\/yoho-classic-edition-limited-and-numbered\\\/#primaryimage\"},\"thumbnailUrl\":\"https:\\\/\\\/fedoragames.ch\\\/wp-content\\\/uploads\\\/2025\\\/01\\\/Yoho_PV_Materiel_Classique_V2.jpg\",\"datePublished\":\"2024-11-14T10:57:43+00:00\",\"dateModified\":\"2025-12-17T13:31:29+00:00\",\"description\":\"Yoho is a strategic game for 2-4 players, ages 8 and up, lasting 20-30 minutes, where each player embodies a pirate on a treasure hunt.\",\"breadcrumb\":{\"@id\":\"https:\\\/\\\/fedoragames.ch\\\/en\\\/produit\\\/yoho-classic-edition-limited-and-numbered\\\/#breadcrumb\"},\"inLanguage\":\"en-US\",\"potentialAction\":[{\"@type\":\"ReadAction\",\"target\":[\"https:\\\/\\\/fedoragames.ch\\\/en\\\/produit\\\/yoho-classic-edition-limited-and-numbered\\\/\"]}]},{\"@type\":\"ImageObject\",\"inLanguage\":\"en-US\",\"@id\":\"https:\\\/\\\/fedoragames.ch\\\/en\\\/produit\\\/yoho-classic-edition-limited-and-numbered\\\/#primaryimage\",\"url\":\"https:\\\/\\\/fedoragames.ch\\\/wp-content\\\/uploads\\\/2025\\\/01\\\/Yoho_PV_Materiel_Classique_V2.jpg\",\"contentUrl\":\"https:\\\/\\\/fedoragames.ch\\\/wp-content\\\/uploads\\\/2025\\\/01\\\/Yoho_PV_Materiel_Classique_V2.jpg\",\"width\":727,\"height\":727},{\"@type\":\"BreadcrumbList\",\"@id\":\"https:\\\/\\\/fedoragames.ch\\\/en\\\/produit\\\/yoho-classic-edition-limited-and-numbered\\\/#breadcrumb\",\"itemListElement\":[{\"@type\":\"ListItem\",\"position\":1,\"name\":\"Accueil\",\"item\":\"https:\\\/\\\/fedoragames.ch\\\/en\\\/\"},{\"@type\":\"ListItem\",\"position\":2,\"name\":\"Shop\",\"item\":\"https:\\\/\\\/fedoragames.ch\\\/en\\\/shop\\\/\"},{\"@type\":\"ListItem\",\"position\":3,\"name\":\"Yoho \u2013 Classic Edition (Limited and Numbered)\"}]},{\"@type\":\"WebSite\",\"@id\":\"https:\\\/\\\/fedoragames.ch\\\/en\\\/#website\",\"url\":\"https:\\\/\\\/fedoragames.ch\\\/en\\\/\",\"name\":\"Fedora Games\",\"description\":\"Inspire - Create - Connect\",\"publisher\":{\"@id\":\"https:\\\/\\\/fedoragames.ch\\\/en\\\/#organization\"},\"potentialAction\":[{\"@type\":\"SearchAction\",\"target\":{\"@type\":\"EntryPoint\",\"urlTemplate\":\"https:\\\/\\\/fedoragames.ch\\\/en\\\/?s={search_term_string}\"},\"query-input\":{\"@type\":\"PropertyValueSpecification\",\"valueRequired\":true,\"valueName\":\"search_term_string\"}}],\"inLanguage\":\"en-US\"},{\"@type\":\"Organization\",\"@id\":\"https:\\\/\\\/fedoragames.ch\\\/en\\\/#organization\",\"name\":\"Fedora Games\",\"url\":\"https:\\\/\\\/fedoragames.ch\\\/en\\\/\",\"logo\":{\"@type\":\"ImageObject\",\"inLanguage\":\"en-US\",\"@id\":\"https:\\\/\\\/fedoragames.ch\\\/en\\\/#\\\/schema\\\/logo\\\/image\\\/\",\"url\":\"https:\\\/\\\/fedoragames.ch\\\/wp-content\\\/uploads\\\/2024\\\/03\\\/Fichier-4@4x.png\",\"contentUrl\":\"https:\\\/\\\/fedoragames.ch\\\/wp-content\\\/uploads\\\/2024\\\/03\\\/Fichier-4@4x.png\",\"width\":764,\"height\":952,\"caption\":\"Fedora Games\"},\"image\":{\"@id\":\"https:\\\/\\\/fedoragames.ch\\\/en\\\/#\\\/schema\\\/logo\\\/image\\\/\"},\"sameAs\":[\"https:\\\/\\\/www.facebook.com\\\/profile.php?id=61558571690265\",\"https:\\\/\\\/www.instagram.com\\\/fedoragames\"]}]}<\/script>\n<!-- \/ Yoast SEO plugin. -->","yoast_head_json":{"title":"Yoho \u2013 Classic Edition (Limited and Numbered) - Fedora Games - Cr\u00e9ation &amp; \u00e9dition de jeux de soci\u00e9t\u00e9","description":"Yoho is a strategic game for 2-4 players, ages 8 and up, lasting 20-30 minutes, where each player embodies a pirate on a treasure hunt.","robots":{"index":"index","follow":"follow","max-snippet":"max-snippet:-1","max-image-preview":"max-image-preview:large","max-video-preview":"max-video-preview:-1"},"canonical":"https:\/\/fedoragames.ch\/en\/produit\/yoho-classic-edition-limited-and-numbered\/","og_locale":"en_US","og_type":"article","og_title":"Yoho \u2013 Classic Edition (Limited and Numbered) - Fedora Games - Cr\u00e9ation &amp; \u00e9dition de jeux de soci\u00e9t\u00e9","og_description":"Yoho is a strategic game for 2-4 players, ages 8 and up, lasting 20-30 minutes, where each player embodies a pirate on a treasure hunt.","og_url":"https:\/\/fedoragames.ch\/en\/produit\/yoho-classic-edition-limited-and-numbered\/","og_site_name":"Fedora Games - Cr\u00e9ation &amp; \u00e9dition de jeux de soci\u00e9t\u00e9","article_publisher":"https:\/\/www.facebook.com\/profile.php?id=61558571690265","article_modified_time":"2025-12-17T13:31:29+00:00","og_image":[{"width":727,"height":727,"url":"https:\/\/fedoragames.ch\/wp-content\/uploads\/2025\/01\/Yoho_PV_Materiel_Classique_V2.jpg","type":"image\/jpeg"}],"twitter_card":"summary_large_image","twitter_misc":{"Est. reading time":"1 minute"},"schema":{"@context":"https:\/\/schema.org","@graph":[{"@type":"WebPage","@id":"https:\/\/fedoragames.ch\/en\/produit\/yoho-classic-edition-limited-and-numbered\/","url":"https:\/\/fedoragames.ch\/en\/produit\/yoho-classic-edition-limited-and-numbered\/","name":"Yoho \u2013 Classic Edition (Limited and Numbered) - Fedora Games - Cr\u00e9ation &amp; \u00e9dition de jeux de soci\u00e9t\u00e9","isPartOf":{"@id":"https:\/\/fedoragames.ch\/en\/#website"},"primaryImageOfPage":{"@id":"https:\/\/fedoragames.ch\/en\/produit\/yoho-classic-edition-limited-and-numbered\/#primaryimage"},"image":{"@id":"https:\/\/fedoragames.ch\/en\/produit\/yoho-classic-edition-limited-and-numbered\/#primaryimage"},"thumbnailUrl":"https:\/\/fedoragames.ch\/wp-content\/uploads\/2025\/01\/Yoho_PV_Materiel_Classique_V2.jpg","datePublished":"2024-11-14T10:57:43+00:00","dateModified":"2025-12-17T13:31:29+00:00","description":"Yoho is a strategic game for 2-4 players, ages 8 and up, lasting 20-30 minutes, where each player embodies a pirate on a treasure hunt.","breadcrumb":{"@id":"https:\/\/fedoragames.ch\/en\/produit\/yoho-classic-edition-limited-and-numbered\/#breadcrumb"},"inLanguage":"en-US","potentialAction":[{"@type":"ReadAction","target":["https:\/\/fedoragames.ch\/en\/produit\/yoho-classic-edition-limited-and-numbered\/"]}]},{"@type":"ImageObject","inLanguage":"en-US","@id":"https:\/\/fedoragames.ch\/en\/produit\/yoho-classic-edition-limited-and-numbered\/#primaryimage","url":"https:\/\/fedoragames.ch\/wp-content\/uploads\/2025\/01\/Yoho_PV_Materiel_Classique_V2.jpg","contentUrl":"https:\/\/fedoragames.ch\/wp-content\/uploads\/2025\/01\/Yoho_PV_Materiel_Classique_V2.jpg","width":727,"height":727},{"@type":"BreadcrumbList","@id":"https:\/\/fedoragames.ch\/en\/produit\/yoho-classic-edition-limited-and-numbered\/#breadcrumb","itemListElement":[{"@type":"ListItem","position":1,"name":"Accueil","item":"https:\/\/fedoragames.ch\/en\/"},{"@type":"ListItem","position":2,"name":"Shop","item":"https:\/\/fedoragames.ch\/en\/shop\/"},{"@type":"ListItem","position":3,"name":"Yoho \u2013 Classic Edition (Limited and Numbered)"}]},{"@type":"WebSite","@id":"https:\/\/fedoragames.ch\/en\/#website","url":"https:\/\/fedoragames.ch\/en\/","name":"Fedora Games","description":"Inspire - Create - Connect","publisher":{"@id":"https:\/\/fedoragames.ch\/en\/#organization"},"potentialAction":[{"@type":"SearchAction","target":{"@type":"EntryPoint","urlTemplate":"https:\/\/fedoragames.ch\/en\/?s={search_term_string}"},"query-input":{"@type":"PropertyValueSpecification","valueRequired":true,"valueName":"search_term_string"}}],"inLanguage":"en-US"},{"@type":"Organization","@id":"https:\/\/fedoragames.ch\/en\/#organization","name":"Fedora Games","url":"https:\/\/fedoragames.ch\/en\/","logo":{"@type":"ImageObject","inLanguage":"en-US","@id":"https:\/\/fedoragames.ch\/en\/#\/schema\/logo\/image\/","url":"https:\/\/fedoragames.ch\/wp-content\/uploads\/2024\/03\/Fichier-4@4x.png","contentUrl":"https:\/\/fedoragames.ch\/wp-content\/uploads\/2024\/03\/Fichier-4@4x.png","width":764,"height":952,"caption":"Fedora Games"},"image":{"@id":"https:\/\/fedoragames.ch\/en\/#\/schema\/logo\/image\/"},"sameAs":["https:\/\/www.facebook.com\/profile.php?id=61558571690265","https:\/\/www.instagram.com\/fedoragames"]}]}},"_links":{"self":[{"href":"https:\/\/fedoragames.ch\/en\/wp-json\/wp\/v2\/product\/30501","targetHints":{"allow":["GET"]}}],"collection":[{"href":"https:\/\/fedoragames.ch\/en\/wp-json\/wp\/v2\/product"}],"about":[{"href":"https:\/\/fedoragames.ch\/en\/wp-json\/wp\/v2\/types\/product"}],"wp:featuredmedia":[{"embeddable":true,"href":"https:\/\/fedoragames.ch\/en\/wp-json\/wp\/v2\/media\/30136"}],"wp:attachment":[{"href":"https:\/\/fedoragames.ch\/en\/wp-json\/wp\/v2\/media?parent=30501"}],"wp:term":[{"taxonomy":"product_brand","embeddable":true,"href":"https:\/\/fedoragames.ch\/en\/wp-json\/wp\/v2\/product_brand?post=30501"},{"taxonomy":"product_cat","embeddable":true,"href":"https:\/\/fedoragames.ch\/en\/wp-json\/wp\/v2\/product_cat?post=30501"},{"taxonomy":"product_tag","embeddable":true,"href":"https:\/\/fedoragames.ch\/en\/wp-json\/wp\/v2\/product_tag?post=30501"}],"curies":[{"name":"wp","href":"https:\/\/api.w.org\/{rel}","templated":true}]}}